{"id":287,"date":"2020-06-14T22:17:03","date_gmt":"2020-06-14T20:17:03","guid":{"rendered":"http:\/\/lenzenbauer.at\/?page_id=287"},"modified":"2022-11-16T19:31:32","modified_gmt":"2022-11-16T18:31:32","slug":"mostheuriger","status":"publish","type":"page","link":"http:\/\/lenzenbauer.at\/en\/mostheuriger\/","title":{"rendered":"Mostheuriger"},"content":{"rendered":"<div data-elementor-type=\"wp-post\" data-elementor-id=\"287\" class=\"elementor elementor-287\">\n\t\t\t\t\t\t<div class=\"elementor-inner\">\n\t\t\t\t<div class=\"elementor-section-wrap\">\n\t\t\t\t\t\t\t\t\t<section class=\"elementor-section elementor-top-section elementor-element elementor-element-6229ba4 elementor-section-full_width elementor-section-height-min-height elementor-section-height-default elementor-section-items-middle\" data-id=\"6229ba4\" data-element_type=\"section\" data-settings=\"{&quot;background_background&quot;:&quot;classic&quot;}\">\n\t\t\t\t\t\t\t<div class=\"elementor-background-overlay\"><\/div>\n\t\t\t\t\t\t\t<div class=\"elementor-container elementor-column-gap-default\">\n\t\t\t\t\t\t\t<div class=\"elementor-row\">\n\t\t\t\t\t<div class=\"elementor-column elementor-col-100 elementor-top-column elementor-element elementor-element-1f66876d\" data-id=\"1f66876d\" data-element_type=\"column\">\n\t\t\t<div class=\"elementor-column-wrap elementor-element-populated\">\n\t\t\t\t\t\t\t<div class=\"elementor-widget-wrap\">\n\t\t\t\t\t\t<div class=\"elementor-element elementor-element-68d1557 elementor-widget elementor-widget-spacer\" data-id=\"68d1557\" data-element_type=\"widget\" data-widget_type=\"spacer.default\">\n\t\t\t\t<div class=\"elementor-widget-container\">\n\t\t\t\t\t<div class=\"elementor-spacer\">\n\t\t\t<div class=\"elementor-spacer-inner\"><\/div>\n\t\t<\/div>\n\t\t\t\t<\/div>\n\t\t\t\t<\/div>\n\t\t\t\t<div class=\"elementor-element elementor-element-321bcc27 elementor-view-default elementor-position-top elementor-invisible elementor-widget elementor-widget-themo-header\" data-id=\"321bcc27\" data-element_type=\"widget\" data-settings=\"{&quot;_animation&quot;:&quot;fadeIn&quot;}\" data-widget_type=\"themo-header.default\">\n\t\t\t\t<div class=\"elementor-widget-container\">\n\t\t\t\t\t<div class=\"th-header-wrap\">\n        <div class=\"elementor-icon-box-wrapper\">\n                            <div class=\"elementor-icon-box-content\">\n                    <h4 class=\"elementor-icon-box-title\">\n                        Our Mostheuriger                    <\/h4>\n                                        <p class=\"elementor-icon-box-description\">Wir haben 2021 geschlossen<\/p>\n\n                                    <\/div>\n            <\/div>\n\n        <\/div>\n\n\t\t\t\t<\/div>\n\t\t\t\t<\/div>\n\t\t\t\t\t\t<\/div>\n\t\t\t\t\t<\/div>\n\t\t<\/div>\n\t\t\t\t\t\t\t\t<\/div>\n\t\t\t\t\t<\/div>\n\t\t<\/section>\n\t\t\t\t<section class=\"elementor-section elementor-top-section elementor-element elementor-element-3236e8f elementor-section-boxed elementor-section-height-default elementor-section-height-default\" data-id=\"3236e8f\" data-element_type=\"section\" data-settings=\"{&quot;background_background&quot;:&quot;classic&quot;}\">\n\t\t\t\t\t\t<div class=\"elementor-container elementor-column-gap-default\">\n\t\t\t\t\t\t\t<div class=\"elementor-row\">\n\t\t\t\t\t<div class=\"elementor-column elementor-col-100 elementor-top-column elementor-element elementor-element-46c7dd8\" data-id=\"46c7dd8\" data-element_type=\"column\">\n\t\t\t<div class=\"elementor-column-wrap elementor-element-populated\">\n\t\t\t\t\t\t\t<div class=\"elementor-widget-wrap\">\n\t\t\t\t\t\t<div class=\"elementor-element elementor-element-2595aa2 elementor-widget elementor-widget-spacer\" data-id=\"2595aa2\" data-element_type=\"widget\" data-widget_type=\"spacer.default\">\n\t\t\t\t<div class=\"elementor-widget-container\">\n\t\t\t\t\t<div class=\"elementor-spacer\">\n\t\t\t<div class=\"elementor-spacer-inner\"><\/div>\n\t\t<\/div>\n\t\t\t\t<\/div>\n\t\t\t\t<\/div>\n\t\t\t\t\t\t<\/div>\n\t\t\t\t\t<\/div>\n\t\t<\/div>\n\t\t\t\t\t\t\t\t<\/div>\n\t\t\t\t\t<\/div>\n\t\t<\/section>\n\t\t\t\t<section class=\"elementor-section elementor-top-section elementor-element elementor-element-15af9e elementor-section-boxed elementor-section-height-default elementor-section-height-default\" data-id=\"15af9e\" data-element_type=\"section\" data-settings=\"{&quot;background_background&quot;:&quot;classic&quot;}\">\n\t\t\t\t\t\t<div class=\"elementor-container elementor-column-gap-wider\">\n\t\t\t\t\t\t\t<div class=\"elementor-row\">\n\t\t\t\t\t<div class=\"elementor-column elementor-col-50 elementor-top-column elementor-element elementor-element-2c650c06\" data-id=\"2c650c06\" data-element_type=\"column\">\n\t\t\t<div class=\"elementor-column-wrap elementor-element-populated\">\n\t\t\t\t\t\t\t<div class=\"elementor-widget-wrap\">\n\t\t\t\t\t\t<div class=\"elementor-element elementor-element-2309d6ed elementor-view-default elementor-position-top elementor-widget elementor-widget-themo-header\" data-id=\"2309d6ed\" data-element_type=\"widget\" data-widget_type=\"themo-header.default\">\n\t\t\t\t<div class=\"elementor-widget-container\">\n\t\t\t\t\t<div class=\"th-header-wrap\">\n        <div class=\"elementor-icon-box-wrapper\">\n                            <div class=\"elementor-icon-box-content\">\n                    <h3 class=\"elementor-icon-box-title\">\n                        Mostheuriger geschlossen                    <\/h3>\n                                        <p class=\"elementor-icon-box-description\">Mostheuriger - from Most meaning cider, and heuriger meaning this year's. A kind of Restaurant open seasonally, where farmers serve their new cider vintage, together with something to eat. We open it at Summertime only for different Partys with minimum 30 Peoples. Our Mostheuriger opened in 1997. Here we serve a variety of cold food, ranging from a selection of spreads, cold meats, to Pofese (a local dessert), accompanied by a large choice of homemade drinks. Everything on our menu is produced by us on our organic farm<\/p>\n\n                                    <\/div>\n            <\/div>\n\n        <\/div>\n\n\t\t\t\t<\/div>\n\t\t\t\t<\/div>\n\t\t\t\t\t\t<\/div>\n\t\t\t\t\t<\/div>\n\t\t<\/div>\n\t\t\t\t<div class=\"elementor-column elementor-col-50 elementor-top-column elementor-element elementor-element-61deb0e0\" data-id=\"61deb0e0\" data-element_type=\"column\">\n\t\t\t<div class=\"elementor-column-wrap elementor-element-populated\">\n\t\t\t\t\t\t\t<div class=\"elementor-widget-wrap\">\n\t\t\t\t\t\t<div class=\"elementor-element elementor-element-5b3fa6aa elementor-arrows-position-inside elementor-widget elementor-widget-image-carousel\" data-id=\"5b3fa6aa\" data-element_type=\"widget\" data-settings=\"{&quot;slides_to_show&quot;:&quot;1&quot;,&quot;navigation&quot;:&quot;arrows&quot;,&quot;autoplay&quot;:&quot;yes&quot;,&quot;pause_on_hover&quot;:&quot;yes&quot;,&quot;pause_on_interaction&quot;:&quot;yes&quot;,&quot;autoplay_speed&quot;:5000,&quot;infinite&quot;:&quot;yes&quot;,&quot;effect&quot;:&quot;slide&quot;,&quot;speed&quot;:500}\" data-widget_type=\"image-carousel.default\">\n\t\t\t\t<div class=\"elementor-widget-container\">\n\t\t\t\t\t<div class=\"elementor-image-carousel-wrapper swiper-container\" dir=\"ltr\">\n\t\t\t<div class=\"elementor-image-carousel swiper-wrapper swiper-image-stretch\">\n\t\t\t\t\t\t\t\t<div class=\"swiper-slide\"><a data-elementor-open-lightbox=\"yes\" data-elementor-lightbox-slideshow=\"5b3fa6aa\" data-elementor-lightbox-title=\"mostheuriger\" e-action-hash=\"#elementor-action%3Aaction%3Dlightbox%26settings%3DeyJpZCI6NTkxLCJ1cmwiOiJodHRwOlwvXC9sZW56ZW5iYXVlci5hdFwvd3AtY29udGVudFwvdXBsb2Fkc1wvMjAyMFwvMTJcL21vc3RoZXVyaWdlci1zY2FsZWQuanBnIiwic2xpZGVzaG93IjoiNWIzZmE2YWEifQ%3D%3D\" href=\"http:\/\/lenzenbauer.at\/wp-content\/uploads\/2020\/12\/mostheuriger-scaled.jpg\"><figure class=\"swiper-slide-inner\"><img class=\"swiper-slide-image\" src=\"http:\/\/lenzenbauer.at\/wp-content\/uploads\/2020\/12\/mostheuriger-605x465.jpg\" alt=\"mostheuriger\" \/><\/figure><\/a><\/div>\t\t\t<\/div>\n\t\t\t\t\t<\/div>\n\t\t\t\t<\/div>\n\t\t\t\t<\/div>\n\t\t\t\t\t\t<\/div>\n\t\t\t\t\t<\/div>\n\t\t<\/div>\n\t\t\t\t\t\t\t\t<\/div>\n\t\t\t\t\t<\/div>\n\t\t<\/section>\n\t\t\t\t<section class=\"elementor-section elementor-top-section elementor-element elementor-element-174a2dbd elementor-section-boxed elementor-section-height-default elementor-section-height-default\" data-id=\"174a2dbd\" data-element_type=\"section\" data-settings=\"{&quot;background_background&quot;:&quot;classic&quot;}\">\n\t\t\t\t\t\t<div class=\"elementor-container elementor-column-gap-default\">\n\t\t\t\t\t\t\t<div class=\"elementor-row\">\n\t\t\t\t\t<div class=\"elementor-column elementor-col-100 elementor-top-column elementor-element elementor-element-2eefa89a\" data-id=\"2eefa89a\" data-element_type=\"column\">\n\t\t\t<div class=\"elementor-column-wrap elementor-element-populated\">\n\t\t\t\t\t\t\t<div class=\"elementor-widget-wrap\">\n\t\t\t\t\t\t<div class=\"elementor-element elementor-element-7197be5a elementor-widget elementor-widget-spacer\" data-id=\"7197be5a\" data-element_type=\"widget\" data-widget_type=\"spacer.default\">\n\t\t\t\t<div class=\"elementor-widget-container\">\n\t\t\t\t\t<div class=\"elementor-spacer\">\n\t\t\t<div class=\"elementor-spacer-inner\"><\/div>\n\t\t<\/div>\n\t\t\t\t<\/div>\n\t\t\t\t<\/div>\n\t\t\t\t\t\t<\/div>\n\t\t\t\t\t<\/div>\n\t\t<\/div>\n\t\t\t\t\t\t\t\t<\/div>\n\t\t\t\t\t<\/div>\n\t\t<\/section>\n\t\t\t\t<section class=\"elementor-section elementor-top-section elementor-element elementor-element-9b974b5 elementor-section-full_width elementor-section-height-min-height elementor-section-height-default elementor-section-items-middle\" data-id=\"9b974b5\" data-element_type=\"section\">\n\t\t\t\t\t\t<div class=\"elementor-container elementor-column-gap-no\">\n\t\t\t\t\t\t\t<div class=\"elementor-row\">\n\t\t\t\t\t<div class=\"elementor-column elementor-col-100 elementor-top-column elementor-element elementor-element-aa48e73\" data-id=\"aa48e73\" data-element_type=\"column\">\n\t\t\t<div class=\"elementor-column-wrap elementor-element-populated\">\n\t\t\t\t\t\t\t<div class=\"elementor-widget-wrap\">\n\t\t\t\t\t\t<div class=\"elementor-element elementor-element-ba182f1 elementor-arrows-position-inside elementor-widget elementor-widget-image-carousel\" data-id=\"ba182f1\" data-element_type=\"widget\" data-settings=\"{&quot;slides_to_show&quot;:&quot;4&quot;,&quot;navigation&quot;:&quot;arrows&quot;,&quot;autoplay&quot;:&quot;yes&quot;,&quot;pause_on_hover&quot;:&quot;yes&quot;,&quot;pause_on_interaction&quot;:&quot;yes&quot;,&quot;autoplay_speed&quot;:5000,&quot;infinite&quot;:&quot;yes&quot;,&quot;speed&quot;:500,&quot;image_spacing_custom&quot;:{&quot;unit&quot;:&quot;px&quot;,&quot;size&quot;:20,&quot;sizes&quot;:[]}}\" data-widget_type=\"image-carousel.default\">\n\t\t\t\t<div class=\"elementor-widget-container\">\n\t\t\t\t\t<div class=\"elementor-image-carousel-wrapper swiper-container\" dir=\"ltr\">\n\t\t\t<div class=\"elementor-image-carousel swiper-wrapper swiper-image-stretch\">\n\t\t\t\t\t\t\t\t<div class=\"swiper-slide\"><a data-elementor-open-lightbox=\"yes\" data-elementor-lightbox-slideshow=\"ba182f1\" data-elementor-lightbox-title=\"DSC06257\" e-action-hash=\"#elementor-action%3Aaction%3Dlightbox%26settings%3DeyJpZCI6NTgwLCJ1cmwiOiJodHRwOlwvXC9sZW56ZW5iYXVlci5hdFwvd3AtY29udGVudFwvdXBsb2Fkc1wvMjAyMFwvMTJcL0RTQzA2MjU3LXNjYWxlZC5qcGciLCJzbGlkZXNob3ciOiJiYTE4MmYxIn0%3D\" href=\"http:\/\/lenzenbauer.at\/wp-content\/uploads\/2020\/12\/DSC06257-scaled.jpg\"><figure class=\"swiper-slide-inner\"><img class=\"swiper-slide-image\" src=\"http:\/\/lenzenbauer.at\/wp-content\/uploads\/2020\/12\/DSC06257-605x806.jpg\" alt=\"DSC06257\" \/><\/figure><\/a><\/div><div class=\"swiper-slide\"><a data-elementor-open-lightbox=\"yes\" data-elementor-lightbox-slideshow=\"ba182f1\" data-elementor-lightbox-title=\"september 2009 422\" e-action-hash=\"#elementor-action%3Aaction%3Dlightbox%26settings%3DeyJpZCI6NTgxLCJ1cmwiOiJodHRwOlwvXC9sZW56ZW5iYXVlci5hdFwvd3AtY29udGVudFwvdXBsb2Fkc1wvMjAyMFwvMTJcL3NlcHRlbWJlci0yMDA5LTQyMi5qcGciLCJzbGlkZXNob3ciOiJiYTE4MmYxIn0%3D\" href=\"http:\/\/lenzenbauer.at\/wp-content\/uploads\/2020\/12\/september-2009-422.jpg\"><figure class=\"swiper-slide-inner\"><img class=\"swiper-slide-image\" src=\"http:\/\/lenzenbauer.at\/wp-content\/uploads\/2020\/12\/september-2009-422-605x480.jpg\" alt=\"september 2009 422\" \/><\/figure><\/a><\/div><div class=\"swiper-slide\"><a data-elementor-open-lightbox=\"yes\" data-elementor-lightbox-slideshow=\"ba182f1\" data-elementor-lightbox-title=\"DSC_0064\" e-action-hash=\"#elementor-action%3Aaction%3Dlightbox%26settings%3DeyJpZCI6NTgyLCJ1cmwiOiJodHRwOlwvXC9sZW56ZW5iYXVlci5hdFwvd3AtY29udGVudFwvdXBsb2Fkc1wvMjAyMFwvMTJcL0RTQ18wMDY0LmpwZyIsInNsaWRlc2hvdyI6ImJhMTgyZjEifQ%3D%3D\" href=\"http:\/\/lenzenbauer.at\/wp-content\/uploads\/2020\/12\/DSC_0064.jpg\"><figure class=\"swiper-slide-inner\"><img class=\"swiper-slide-image\" src=\"http:\/\/lenzenbauer.at\/wp-content\/uploads\/2020\/12\/DSC_0064.jpg\" alt=\"DSC_0064\" \/><\/figure><\/a><\/div><div class=\"swiper-slide\"><a data-elementor-open-lightbox=\"yes\" data-elementor-lightbox-slideshow=\"ba182f1\" data-elementor-lightbox-title=\"DSC06414\" e-action-hash=\"#elementor-action%3Aaction%3Dlightbox%26settings%3DeyJpZCI6NTgzLCJ1cmwiOiJodHRwOlwvXC9sZW56ZW5iYXVlci5hdFwvd3AtY29udGVudFwvdXBsb2Fkc1wvMjAyMFwvMTJcL0RTQzA2NDE0LXNjYWxlZC5qcGciLCJzbGlkZXNob3ciOiJiYTE4MmYxIn0%3D\" href=\"http:\/\/lenzenbauer.at\/wp-content\/uploads\/2020\/12\/DSC06414-scaled.jpg\"><figure class=\"swiper-slide-inner\"><img class=\"swiper-slide-image\" src=\"http:\/\/lenzenbauer.at\/wp-content\/uploads\/2020\/12\/DSC06414-605x806.jpg\" alt=\"DSC06414\" \/><\/figure><\/a><\/div><div class=\"swiper-slide\"><a data-elementor-open-lightbox=\"yes\" data-elementor-lightbox-slideshow=\"ba182f1\" data-elementor-lightbox-title=\"DSC06417\" e-action-hash=\"#elementor-action%3Aaction%3Dlightbox%26settings%3DeyJpZCI6NTg0LCJ1cmwiOiJodHRwOlwvXC9sZW56ZW5iYXVlci5hdFwvd3AtY29udGVudFwvdXBsb2Fkc1wvMjAyMFwvMTJcL0RTQzA2NDE3LXNjYWxlZC5qcGciLCJzbGlkZXNob3ciOiJiYTE4MmYxIn0%3D\" href=\"http:\/\/lenzenbauer.at\/wp-content\/uploads\/2020\/12\/DSC06417-scaled.jpg\"><figure class=\"swiper-slide-inner\"><img class=\"swiper-slide-image\" src=\"http:\/\/lenzenbauer.at\/wp-content\/uploads\/2020\/12\/DSC06417-605x806.jpg\" alt=\"DSC06417\" \/><\/figure><\/a><\/div><div class=\"swiper-slide\"><a data-elementor-open-lightbox=\"yes\" data-elementor-lightbox-slideshow=\"ba182f1\" data-elementor-lightbox-title=\"DSC06419\" e-action-hash=\"#elementor-action%3Aaction%3Dlightbox%26settings%3DeyJpZCI6NTg1LCJ1cmwiOiJodHRwOlwvXC9sZW56ZW5iYXVlci5hdFwvd3AtY29udGVudFwvdXBsb2Fkc1wvMjAyMFwvMTJcL0RTQzA2NDE5LXNjYWxlZC5qcGciLCJzbGlkZXNob3ciOiJiYTE4MmYxIn0%3D\" href=\"http:\/\/lenzenbauer.at\/wp-content\/uploads\/2020\/12\/DSC06419-scaled.jpg\"><figure class=\"swiper-slide-inner\"><img class=\"swiper-slide-image\" src=\"http:\/\/lenzenbauer.at\/wp-content\/uploads\/2020\/12\/DSC06419-605x806.jpg\" alt=\"DSC06419\" \/><\/figure><\/a><\/div><div class=\"swiper-slide\"><a data-elementor-open-lightbox=\"yes\" data-elementor-lightbox-slideshow=\"ba182f1\" data-elementor-lightbox-title=\"DSC06420\" e-action-hash=\"#elementor-action%3Aaction%3Dlightbox%26settings%3DeyJpZCI6NTg2LCJ1cmwiOiJodHRwOlwvXC9sZW56ZW5iYXVlci5hdFwvd3AtY29udGVudFwvdXBsb2Fkc1wvMjAyMFwvMTJcL0RTQzA2NDIwLXNjYWxlZC5qcGciLCJzbGlkZXNob3ciOiJiYTE4MmYxIn0%3D\" href=\"http:\/\/lenzenbauer.at\/wp-content\/uploads\/2020\/12\/DSC06420-scaled.jpg\"><figure class=\"swiper-slide-inner\"><img class=\"swiper-slide-image\" src=\"http:\/\/lenzenbauer.at\/wp-content\/uploads\/2020\/12\/DSC06420-605x806.jpg\" alt=\"DSC06420\" \/><\/figure><\/a><\/div>\t\t\t<\/div>\n\t\t\t\t\t\t\t\t\t\t\t\t\t\t\t\t<div class=\"elementor-swiper-button elementor-swiper-button-prev\">\n\t\t\t\t\t\t<i aria-hidden=\"true\" class=\"eicon-chevron-left\"><\/i>\t\t\t\t\t\t<span class=\"elementor-screen-only\">Previous<\/span>\n\t\t\t\t\t<\/div>\n\t\t\t\t\t<div class=\"elementor-swiper-button elementor-swiper-button-next\">\n\t\t\t\t\t\t<i aria-hidden=\"true\" class=\"eicon-chevron-right\"><\/i>\t\t\t\t\t\t<span class=\"elementor-screen-only\">Next<\/span>\n\t\t\t\t\t<\/div>\n\t\t\t\t\t\t\t\t\t<\/div>\n\t\t\t\t<\/div>\n\t\t\t\t<\/div>\n\t\t\t\t\t\t<\/div>\n\t\t\t\t\t<\/div>\n\t\t<\/div>\n\t\t\t\t\t\t\t\t<\/div>\n\t\t\t\t\t<\/div>\n\t\t<\/section>\n\t\t\t\t<section class=\"elementor-section elementor-top-section elementor-element elementor-element-7425b215 elementor-section-boxed elementor-section-height-default elementor-section-height-default\" data-id=\"7425b215\" data-element_type=\"section\" data-settings=\"{&quot;background_background&quot;:&quot;classic&quot;}\">\n\t\t\t\t\t\t<div class=\"elementor-container elementor-column-gap-default\">\n\t\t\t\t\t\t\t<div class=\"elementor-row\">\n\t\t\t\t\t<div class=\"elementor-column elementor-col-100 elementor-top-column elementor-element elementor-element-7e54383b\" data-id=\"7e54383b\" data-element_type=\"column\">\n\t\t\t<div class=\"elementor-column-wrap elementor-element-populated\">\n\t\t\t\t\t\t\t<div class=\"elementor-widget-wrap\">\n\t\t\t\t\t\t<div class=\"elementor-element elementor-element-402bab10 elementor-widget elementor-widget-spacer\" data-id=\"402bab10\" data-element_type=\"widget\" data-widget_type=\"spacer.default\">\n\t\t\t\t<div class=\"elementor-widget-container\">\n\t\t\t\t\t<div class=\"elementor-spacer\">\n\t\t\t<div class=\"elementor-spacer-inner\"><\/div>\n\t\t<\/div>\n\t\t\t\t<\/div>\n\t\t\t\t<\/div>\n\t\t\t\t\t\t<\/div>\n\t\t\t\t\t<\/div>\n\t\t<\/div>\n\t\t\t\t\t\t\t\t<\/div>\n\t\t\t\t\t<\/div>\n\t\t<\/section>\n\t\t\t\t\t\t\t\t\t<\/div>\n\t\t\t<\/div>\n\t\t\t\t\t<\/div>","protected":false},"excerpt":{"rendered":"<p>Lenzenbauer Mostheuriger Wir haben 2021 geschlossen Mostheuriger geschlossen Unser Mostheuriger wird in den Sommermonaten von ca. Ostern bis Ende August f\u00fcr Feiern ab 30 Personen auf Vorbestellung ge\u00f6ffnet. Wir freuen uns wenn wir Ihre Feier kulinarisch begleiten d\u00fcrfen. Egal ob &hellip; <a href=\"http:\/\/lenzenbauer.at\/en\/mostheuriger\/\">Read More<\/a><\/p>","protected":false},"author":1,"featured_media":0,"parent":0,"menu_order":13,"comment_status":"closed","ping_status":"closed","template":"","meta":[],"_links":{"self":[{"href":"http:\/\/lenzenbauer.at\/en\/wp-json\/wp\/v2\/pages\/287"}],"collection":[{"href":"http:\/\/lenzenbauer.at\/en\/wp-json\/wp\/v2\/pages"}],"about":[{"href":"http:\/\/lenzenbauer.at\/en\/wp-json\/wp\/v2\/types\/page"}],"author":[{"embeddable":true,"href":"http:\/\/lenzenbauer.at\/en\/wp-json\/wp\/v2\/users\/1"}],"replies":[{"embeddable":true,"href":"http:\/\/lenzenbauer.at\/en\/wp-json\/wp\/v2\/comments?post=287"}],"version-history":[{"count":19,"href":"http:\/\/lenzenbauer.at\/en\/wp-json\/wp\/v2\/pages\/287\/revisions"}],"predecessor-version":[{"id":691,"href":"http:\/\/lenzenbauer.at\/en\/wp-json\/wp\/v2\/pages\/287\/revisions\/691"}],"wp:attachment":[{"href":"http:\/\/lenzenbauer.at\/en\/wp-json\/wp\/v2\/media?parent=287"}],"curies":[{"name":"wp","href":"https:\/\/api.w.org\/{rel}","templated":true}]}}