{"id":411,"date":"2020-06-15T14:18:57","date_gmt":"2020-06-15T12:18:57","guid":{"rendered":"http:\/\/lenzenbauer.at\/?page_id=411"},"modified":"2022-11-16T18:40:16","modified_gmt":"2022-11-16T17:40:16","slug":"ueber-uns","status":"publish","type":"page","link":"http:\/\/lenzenbauer.at\/en\/ueber-uns\/","title":{"rendered":"About us"},"content":{"rendered":"<div data-elementor-type=\"wp-post\" data-elementor-id=\"411\" class=\"elementor elementor-411\">\n\t\t\t\t\t\t<div class=\"elementor-inner\">\n\t\t\t\t<div class=\"elementor-section-wrap\">\n\t\t\t\t\t\t\t\t\t<section class=\"elementor-section elementor-top-section elementor-element elementor-element-6229ba4 elementor-section-full_width elementor-section-height-min-height elementor-section-height-default elementor-section-items-middle\" data-id=\"6229ba4\" data-element_type=\"section\" data-settings=\"{&quot;background_background&quot;:&quot;video&quot;,&quot;background_video_link&quot;:&quot;https:\\\/\\\/youtu.be\\\/dbBvQybl8wE&quot;,&quot;background_video_start&quot;:0,&quot;background_video_end&quot;:90,&quot;background_play_on_mobile&quot;:&quot;yes&quot;}\">\n\t\t\t\t\t\t\t\t<div class=\"elementor-background-video-container\">\n\t\t\t\t\t\t\t\t\t\t\t\t\t<div class=\"elementor-background-video-embed\"><\/div>\n\t\t\t\t\t\t\t\t\t\t\t\t<\/div>\n\t\t\t\t\t\t\t\t\t<div class=\"elementor-background-overlay\"><\/div>\n\t\t\t\t\t\t\t<div class=\"elementor-container elementor-column-gap-default\">\n\t\t\t\t\t\t\t<div class=\"elementor-row\">\n\t\t\t\t\t<div class=\"elementor-column elementor-col-100 elementor-top-column elementor-element elementor-element-1f66876d\" data-id=\"1f66876d\" data-element_type=\"column\">\n\t\t\t<div class=\"elementor-column-wrap elementor-element-populated\">\n\t\t\t\t\t\t\t<div class=\"elementor-widget-wrap\">\n\t\t\t\t\t\t<div class=\"elementor-element elementor-element-68d1557 elementor-widget elementor-widget-spacer\" data-id=\"68d1557\" data-element_type=\"widget\" data-widget_type=\"spacer.default\">\n\t\t\t\t<div class=\"elementor-widget-container\">\n\t\t\t\t\t<div class=\"elementor-spacer\">\n\t\t\t<div class=\"elementor-spacer-inner\"><\/div>\n\t\t<\/div>\n\t\t\t\t<\/div>\n\t\t\t\t<\/div>\n\t\t\t\t<div class=\"elementor-element elementor-element-321bcc27 elementor-view-default elementor-position-top elementor-invisible elementor-widget elementor-widget-themo-header\" data-id=\"321bcc27\" data-element_type=\"widget\" data-settings=\"{&quot;_animation&quot;:&quot;fadeIn&quot;}\" data-widget_type=\"themo-header.default\">\n\t\t\t\t<div class=\"elementor-widget-container\">\n\t\t\t\t\t<div class=\"th-header-wrap\">\n        <div class=\"elementor-icon-box-wrapper\">\n                            <div class=\"elementor-icon-box-content\">\n                    <h1 class=\"elementor-icon-box-title\">\n                        About us                    <\/h1>\n                                        <p class=\"elementor-icon-box-description\">Organic-Farm Lenzenbauer <\/p>\n\n                                    <\/div>\n            <\/div>\n\n        <\/div>\n\n\t\t\t\t<\/div>\n\t\t\t\t<\/div>\n\t\t\t\t\t\t<\/div>\n\t\t\t\t\t<\/div>\n\t\t<\/div>\n\t\t\t\t\t\t\t\t<\/div>\n\t\t\t\t\t<\/div>\n\t\t<\/section>\n\t\t\t\t<section class=\"elementor-section elementor-top-section elementor-element elementor-element-0232c87 elementor-section-boxed elementor-section-height-default elementor-section-height-default\" data-id=\"0232c87\" data-element_type=\"section\" data-settings=\"{&quot;background_background&quot;:&quot;classic&quot;}\">\n\t\t\t\t\t\t<div class=\"elementor-container elementor-column-gap-wider\">\n\t\t\t\t\t\t\t<div class=\"elementor-row\">\n\t\t\t\t\t<div class=\"elementor-column elementor-col-50 elementor-top-column elementor-element elementor-element-b2bc28c\" data-id=\"b2bc28c\" data-element_type=\"column\">\n\t\t\t<div class=\"elementor-column-wrap elementor-element-populated\">\n\t\t\t\t\t\t\t<div class=\"elementor-widget-wrap\">\n\t\t\t\t\t\t<div class=\"elementor-element elementor-element-3c60811 elementor-view-default elementor-position-top elementor-widget elementor-widget-themo-header\" data-id=\"3c60811\" data-element_type=\"widget\" data-widget_type=\"themo-header.default\">\n\t\t\t\t<div class=\"elementor-widget-container\">\n\t\t\t\t\t<div class=\"th-header-wrap\">\n        <div class=\"elementor-icon-box-wrapper\">\n                            <div class=\"elementor-icon-box-content\">\n                    <h3 class=\"elementor-icon-box-title\">\n                                            <\/h3>\n                                        <p class=\"elementor-icon-box-description\">Welcome to the farm of Lenzenbauer!\n\nWe are the Golser Family. We, Elfriede and Hannes, have been running the Lenzenbauernhof in the 4th generation since 2015. Our Farm is located in Hallwang, a suburb of the Festival City Salzburg and since 1995 we manage our Farm in the organic farming Way. \n\nAt the same time we took over the Farm, we also plant our Apple-, Pear- and Plumbtrees on a sice of 1 ha, so now we are the first professional fruit farmer in Salzburg. We lovingly take care of our animals, which provide us with milk, eggs and meat. Our sons Anton and Mathias are already helping us with the farm work.\n\nWe are looking forward to welcome you personally on our farm.<\/p>\n\n                                    <\/div>\n            <\/div>\n\n        <\/div>\n\n\t\t\t\t<\/div>\n\t\t\t\t<\/div>\n\t\t\t\t\t\t<\/div>\n\t\t\t\t\t<\/div>\n\t\t<\/div>\n\t\t\t\t<div class=\"elementor-column elementor-col-50 elementor-top-column elementor-element elementor-element-d7f438b\" data-id=\"d7f438b\" data-element_type=\"column\">\n\t\t\t<div class=\"elementor-column-wrap elementor-element-populated\">\n\t\t\t\t\t\t\t<div class=\"elementor-widget-wrap\">\n\t\t\t\t\t\t<div class=\"elementor-element elementor-element-2903718 elementor-arrows-position-inside elementor-widget elementor-widget-image-carousel\" data-id=\"2903718\" data-element_type=\"widget\" data-settings=\"{&quot;slides_to_show&quot;:&quot;1&quot;,&quot;navigation&quot;:&quot;arrows&quot;,&quot;autoplay&quot;:&quot;yes&quot;,&quot;pause_on_hover&quot;:&quot;yes&quot;,&quot;pause_on_interaction&quot;:&quot;yes&quot;,&quot;autoplay_speed&quot;:5000,&quot;infinite&quot;:&quot;yes&quot;,&quot;effect&quot;:&quot;slide&quot;,&quot;speed&quot;:500}\" data-widget_type=\"image-carousel.default\">\n\t\t\t\t<div class=\"elementor-widget-container\">\n\t\t\t\t\t<div class=\"elementor-image-carousel-wrapper swiper-container\" dir=\"ltr\">\n\t\t\t<div class=\"elementor-image-carousel swiper-wrapper swiper-image-stretch\">\n\t\t\t\t\t\t\t\t<div class=\"swiper-slide\"><a data-elementor-open-lightbox=\"yes\" data-elementor-lightbox-slideshow=\"2903718\" data-elementor-lightbox-title=\"SAM_Magazin_222_Lenzenbauer 41\" e-action-hash=\"#elementor-action%3Aaction%3Dlightbox%26settings%3DeyJpZCI6NjQ5LCJ1cmwiOiJodHRwOlwvXC9sZW56ZW5iYXVlci5hdFwvd3AtY29udGVudFwvdXBsb2Fkc1wvMjAyMlwvMTFcL1NBTV9NYWdhemluXzIyMl9MZW56ZW5iYXVlci00MS5qcGciLCJzbGlkZXNob3ciOiIyOTAzNzE4In0%3D\" href=\"http:\/\/lenzenbauer.at\/wp-content\/uploads\/2022\/11\/SAM_Magazin_222_Lenzenbauer-41.jpg\"><figure class=\"swiper-slide-inner\"><img class=\"swiper-slide-image\" src=\"http:\/\/lenzenbauer.at\/wp-content\/uploads\/2022\/11\/SAM_Magazin_222_Lenzenbauer-41-605x465.jpg\" alt=\"SAM_Magazin_222_Lenzenbauer 41\" \/><\/figure><\/a><\/div>\t\t\t<\/div>\n\t\t\t\t\t<\/div>\n\t\t\t\t<\/div>\n\t\t\t\t<\/div>\n\t\t\t\t\t\t<\/div>\n\t\t\t\t\t<\/div>\n\t\t<\/div>\n\t\t\t\t\t\t\t\t<\/div>\n\t\t\t\t\t<\/div>\n\t\t<\/section>\n\t\t\t\t<section class=\"elementor-section elementor-top-section elementor-element elementor-element-c78e0d8 elementor-section-full_width elementor-section-height-default elementor-section-height-default\" data-id=\"c78e0d8\" data-element_type=\"section\">\n\t\t\t\t\t\t<div class=\"elementor-container elementor-column-gap-no\">\n\t\t\t\t\t\t\t<div class=\"elementor-row\">\n\t\t\t\t\t<div class=\"elementor-column elementor-col-100 elementor-top-column elementor-element elementor-element-1dd9d44\" data-id=\"1dd9d44\" data-element_type=\"column\">\n\t\t\t<div class=\"elementor-column-wrap elementor-element-populated\">\n\t\t\t\t\t\t\t<div class=\"elementor-widget-wrap\">\n\t\t\t\t\t\t<div class=\"elementor-element elementor-element-d2d8941 elementor-arrows-position-inside elementor-widget elementor-widget-image-carousel\" data-id=\"d2d8941\" data-element_type=\"widget\" data-settings=\"{&quot;slides_to_show&quot;:&quot;4&quot;,&quot;navigation&quot;:&quot;arrows&quot;,&quot;autoplay&quot;:&quot;yes&quot;,&quot;pause_on_hover&quot;:&quot;yes&quot;,&quot;pause_on_interaction&quot;:&quot;yes&quot;,&quot;autoplay_speed&quot;:5000,&quot;infinite&quot;:&quot;yes&quot;,&quot;speed&quot;:500,&quot;image_spacing_custom&quot;:{&quot;unit&quot;:&quot;px&quot;,&quot;size&quot;:20,&quot;sizes&quot;:[]}}\" data-widget_type=\"image-carousel.default\">\n\t\t\t\t<div class=\"elementor-widget-container\">\n\t\t\t\t\t<div class=\"elementor-image-carousel-wrapper swiper-container\" dir=\"ltr\">\n\t\t\t<div class=\"elementor-image-carousel swiper-wrapper swiper-image-stretch\">\n\t\t\t\t\t\t\t\t<div class=\"swiper-slide\"><a data-elementor-open-lightbox=\"yes\" data-elementor-lightbox-slideshow=\"d2d8941\" data-elementor-lightbox-title=\"lenzenbauer_grafikZeichenfla\u0308che 1 Kopie 6\" e-action-hash=\"#elementor-action%3Aaction%3Dlightbox%26settings%3DeyJpZCI6MjM2LCJ1cmwiOiJodHRwOlwvXC9sZW56ZW5iYXVlci5hdFwvd3AtY29udGVudFwvdXBsb2Fkc1wvMjAyMFwvMDZcL2xlbnplbmJhdWVyX2dyYWZpa1plaWNoZW5mbGFcdTAzMDhjaGUtMS1Lb3BpZS02LXNjYWxlZC5qcGciLCJzbGlkZXNob3ciOiJkMmQ4OTQxIn0%3D\" href=\"http:\/\/lenzenbauer.at\/wp-content\/uploads\/2020\/06\/lenzenbauer_grafikZeichenfla\u0308che-1-Kopie-6-scaled.jpg\"><figure class=\"swiper-slide-inner\"><img class=\"swiper-slide-image\" src=\"http:\/\/lenzenbauer.at\/wp-content\/uploads\/2020\/06\/lenzenbauer_grafikZeichenfla\u0308che-1-Kopie-6-605x806.jpg\" alt=\"lenzenbauer_grafikZeichenfla\u0308che 1 Kopie 6\" \/><\/figure><\/a><\/div><div class=\"swiper-slide\"><a data-elementor-open-lightbox=\"yes\" data-elementor-lightbox-slideshow=\"d2d8941\" data-elementor-lightbox-title=\"lenzenbauer_grafikZeichenfla\u0308che 1 Kopie 5\" e-action-hash=\"#elementor-action%3Aaction%3Dlightbox%26settings%3DeyJpZCI6MjcwLCJ1cmwiOiJodHRwOlwvXC9sZW56ZW5iYXVlci5hdFwvd3AtY29udGVudFwvdXBsb2Fkc1wvMjAyMFwvMDZcL2xlbnplbmJhdWVyX2dyYWZpa1plaWNoZW5mbGFcdTAzMDhjaGUtMS1Lb3BpZS01LTEtc2NhbGVkLmpwZyIsInNsaWRlc2hvdyI6ImQyZDg5NDEifQ%3D%3D\" href=\"http:\/\/lenzenbauer.at\/wp-content\/uploads\/2020\/06\/lenzenbauer_grafikZeichenfla\u0308che-1-Kopie-5-1-scaled.jpg\"><figure class=\"swiper-slide-inner\"><img class=\"swiper-slide-image\" src=\"http:\/\/lenzenbauer.at\/wp-content\/uploads\/2020\/06\/lenzenbauer_grafikZeichenfla\u0308che-1-Kopie-5-1-605x806.jpg\" alt=\"lenzenbauer_grafikZeichenfla\u0308che 1 Kopie 5\" \/><\/figure><\/a><\/div><div class=\"swiper-slide\"><a data-elementor-open-lightbox=\"yes\" data-elementor-lightbox-slideshow=\"d2d8941\" data-elementor-lightbox-title=\"SAM_Magazin_222_Lenzenbauer 30\" e-action-hash=\"#elementor-action%3Aaction%3Dlightbox%26settings%3DeyJpZCI6NjUyLCJ1cmwiOiJodHRwOlwvXC9sZW56ZW5iYXVlci5hdFwvd3AtY29udGVudFwvdXBsb2Fkc1wvMjAyMlwvMTFcL1NBTV9NYWdhemluXzIyMl9MZW56ZW5iYXVlci0zMC5qcGciLCJzbGlkZXNob3ciOiJkMmQ4OTQxIn0%3D\" href=\"http:\/\/lenzenbauer.at\/wp-content\/uploads\/2022\/11\/SAM_Magazin_222_Lenzenbauer-30.jpg\"><figure class=\"swiper-slide-inner\"><img class=\"swiper-slide-image\" src=\"http:\/\/lenzenbauer.at\/wp-content\/uploads\/2022\/11\/SAM_Magazin_222_Lenzenbauer-30-605x806.jpg\" alt=\"SAM_Magazin_222_Lenzenbauer 30\" \/><\/figure><\/a><\/div><div class=\"swiper-slide\"><a data-elementor-open-lightbox=\"yes\" data-elementor-lightbox-slideshow=\"d2d8941\" data-elementor-lightbox-title=\"lenzenbauer_obstplantage_04\" e-action-hash=\"#elementor-action%3Aaction%3Dlightbox%26settings%3DeyJpZCI6NDAyLCJ1cmwiOiJodHRwOlwvXC9sZW56ZW5iYXVlci5hdFwvd3AtY29udGVudFwvdXBsb2Fkc1wvMjAyMFwvMDZcL2xlbnplbmJhdWVyX29ic3RwbGFudGFnZV8wNC1zY2FsZWQuanBnIiwic2xpZGVzaG93IjoiZDJkODk0MSJ9\" href=\"http:\/\/lenzenbauer.at\/wp-content\/uploads\/2020\/06\/lenzenbauer_obstplantage_04-scaled.jpg\"><figure class=\"swiper-slide-inner\"><img class=\"swiper-slide-image\" src=\"http:\/\/lenzenbauer.at\/wp-content\/uploads\/2020\/06\/lenzenbauer_obstplantage_04-605x806.jpg\" alt=\"lenzenbauer_obstplantage_04\" \/><\/figure><\/a><\/div><div class=\"swiper-slide\"><a data-elementor-open-lightbox=\"yes\" data-elementor-lightbox-slideshow=\"d2d8941\" data-elementor-lightbox-title=\"lenzenbauer_campinghuehner_04\" e-action-hash=\"#elementor-action%3Aaction%3Dlightbox%26settings%3DeyJpZCI6NDAzLCJ1cmwiOiJodHRwOlwvXC9sZW56ZW5iYXVlci5hdFwvd3AtY29udGVudFwvdXBsb2Fkc1wvMjAyMFwvMDZcL2xlbnplbmJhdWVyX2NhbXBpbmdodWVobmVyXzA0LXNjYWxlZC5qcGciLCJzbGlkZXNob3ciOiJkMmQ4OTQxIn0%3D\" href=\"http:\/\/lenzenbauer.at\/wp-content\/uploads\/2020\/06\/lenzenbauer_campinghuehner_04-scaled.jpg\"><figure class=\"swiper-slide-inner\"><img class=\"swiper-slide-image\" src=\"http:\/\/lenzenbauer.at\/wp-content\/uploads\/2020\/06\/lenzenbauer_campinghuehner_04-605x806.jpg\" alt=\"lenzenbauer_campinghuehner_04\" \/><\/figure><\/a><\/div><div class=\"swiper-slide\"><a data-elementor-open-lightbox=\"yes\" data-elementor-lightbox-slideshow=\"d2d8941\" data-elementor-lightbox-title=\"lenzenbauer_campinghuehner_03\" e-action-hash=\"#elementor-action%3Aaction%3Dlightbox%26settings%3DeyJpZCI6NDA0LCJ1cmwiOiJodHRwOlwvXC9sZW56ZW5iYXVlci5hdFwvd3AtY29udGVudFwvdXBsb2Fkc1wvMjAyMFwvMDZcL2xlbnplbmJhdWVyX2NhbXBpbmdodWVobmVyXzAzLXNjYWxlZC5qcGciLCJzbGlkZXNob3ciOiJkMmQ4OTQxIn0%3D\" href=\"http:\/\/lenzenbauer.at\/wp-content\/uploads\/2020\/06\/lenzenbauer_campinghuehner_03-scaled.jpg\"><figure class=\"swiper-slide-inner\"><img class=\"swiper-slide-image\" src=\"http:\/\/lenzenbauer.at\/wp-content\/uploads\/2020\/06\/lenzenbauer_campinghuehner_03-605x806.jpg\" alt=\"lenzenbauer_campinghuehner_03\" \/><\/figure><\/a><\/div><div class=\"swiper-slide\"><a data-elementor-open-lightbox=\"yes\" data-elementor-lightbox-slideshow=\"d2d8941\" data-elementor-lightbox-title=\"lenzenbauer_campinghuehner_02\" e-action-hash=\"#elementor-action%3Aaction%3Dlightbox%26settings%3DeyJpZCI6NDA1LCJ1cmwiOiJodHRwOlwvXC9sZW56ZW5iYXVlci5hdFwvd3AtY29udGVudFwvdXBsb2Fkc1wvMjAyMFwvMDZcL2xlbnplbmJhdWVyX2NhbXBpbmdodWVobmVyXzAyLXNjYWxlZC5qcGciLCJzbGlkZXNob3ciOiJkMmQ4OTQxIn0%3D\" href=\"http:\/\/lenzenbauer.at\/wp-content\/uploads\/2020\/06\/lenzenbauer_campinghuehner_02-scaled.jpg\"><figure class=\"swiper-slide-inner\"><img class=\"swiper-slide-image\" src=\"http:\/\/lenzenbauer.at\/wp-content\/uploads\/2020\/06\/lenzenbauer_campinghuehner_02-605x806.jpg\" alt=\"lenzenbauer_campinghuehner_02\" \/><\/figure><\/a><\/div><div class=\"swiper-slide\"><a data-elementor-open-lightbox=\"yes\" data-elementor-lightbox-slideshow=\"d2d8941\" data-elementor-lightbox-title=\"SAM_Magazin_222_Lenzenbauer 27\" e-action-hash=\"#elementor-action%3Aaction%3Dlightbox%26settings%3DeyJpZCI6NjUwLCJ1cmwiOiJodHRwOlwvXC9sZW56ZW5iYXVlci5hdFwvd3AtY29udGVudFwvdXBsb2Fkc1wvMjAyMlwvMTFcL1NBTV9NYWdhemluXzIyMl9MZW56ZW5iYXVlci0yNy5qcGciLCJzbGlkZXNob3ciOiJkMmQ4OTQxIn0%3D\" href=\"http:\/\/lenzenbauer.at\/wp-content\/uploads\/2022\/11\/SAM_Magazin_222_Lenzenbauer-27.jpg\"><figure class=\"swiper-slide-inner\"><img class=\"swiper-slide-image\" src=\"http:\/\/lenzenbauer.at\/wp-content\/uploads\/2022\/11\/SAM_Magazin_222_Lenzenbauer-27-605x806.jpg\" alt=\"SAM_Magazin_222_Lenzenbauer 27\" \/><\/figure><\/a><\/div><div class=\"swiper-slide\"><a data-elementor-open-lightbox=\"yes\" data-elementor-lightbox-slideshow=\"d2d8941\" data-elementor-lightbox-title=\"lenzenbauer_campinghu\u0308hner_01\" e-action-hash=\"#elementor-action%3Aaction%3Dlightbox%26settings%3DeyJpZCI6NDA2LCJ1cmwiOiJodHRwOlwvXC9sZW56ZW5iYXVlci5hdFwvd3AtY29udGVudFwvdXBsb2Fkc1wvMjAyMFwvMDZcL2xlbnplbmJhdWVyX2NhbXBpbmdodVx1MDMwOGhuZXJfMDEtc2NhbGVkLmpwZyIsInNsaWRlc2hvdyI6ImQyZDg5NDEifQ%3D%3D\" href=\"http:\/\/lenzenbauer.at\/wp-content\/uploads\/2020\/06\/lenzenbauer_campinghu\u0308hner_01-scaled.jpg\"><figure class=\"swiper-slide-inner\"><img class=\"swiper-slide-image\" src=\"http:\/\/lenzenbauer.at\/wp-content\/uploads\/2020\/06\/lenzenbauer_campinghu\u0308hner_01-605x806.jpg\" alt=\"lenzenbauer_campinghu\u0308hner_01\" \/><\/figure><\/a><\/div><div class=\"swiper-slide\"><a data-elementor-open-lightbox=\"yes\" data-elementor-lightbox-slideshow=\"d2d8941\" data-elementor-lightbox-title=\"lenzenbauer_hofladen_01\" e-action-hash=\"#elementor-action%3Aaction%3Dlightbox%26settings%3DeyJpZCI6NDA3LCJ1cmwiOiJodHRwOlwvXC9sZW56ZW5iYXVlci5hdFwvd3AtY29udGVudFwvdXBsb2Fkc1wvMjAyMFwvMDZcL2xlbnplbmJhdWVyX2hvZmxhZGVuXzAxLXNjYWxlZC5qcGciLCJzbGlkZXNob3ciOiJkMmQ4OTQxIn0%3D\" href=\"http:\/\/lenzenbauer.at\/wp-content\/uploads\/2020\/06\/lenzenbauer_hofladen_01-scaled.jpg\"><figure class=\"swiper-slide-inner\"><img class=\"swiper-slide-image\" src=\"http:\/\/lenzenbauer.at\/wp-content\/uploads\/2020\/06\/lenzenbauer_hofladen_01-605x806.jpg\" alt=\"lenzenbauer_hofladen_01\" \/><\/figure><\/a><\/div>\t\t\t<\/div>\n\t\t\t\t\t\t\t\t\t\t\t\t\t\t\t\t<div class=\"elementor-swiper-button elementor-swiper-button-prev\">\n\t\t\t\t\t\t<i aria-hidden=\"true\" class=\"eicon-chevron-left\"><\/i>\t\t\t\t\t\t<span class=\"elementor-screen-only\">Previous<\/span>\n\t\t\t\t\t<\/div>\n\t\t\t\t\t<div class=\"elementor-swiper-button elementor-swiper-button-next\">\n\t\t\t\t\t\t<i aria-hidden=\"true\" class=\"eicon-chevron-right\"><\/i>\t\t\t\t\t\t<span class=\"elementor-screen-only\">Next<\/span>\n\t\t\t\t\t<\/div>\n\t\t\t\t\t\t\t\t\t<\/div>\n\t\t\t\t<\/div>\n\t\t\t\t<\/div>\n\t\t\t\t\t\t<\/div>\n\t\t\t\t\t<\/div>\n\t\t<\/div>\n\t\t\t\t\t\t\t\t<\/div>\n\t\t\t\t\t<\/div>\n\t\t<\/section>\n\t\t\t\t<section class=\"elementor-section elementor-top-section elementor-element elementor-element-6e8f63d elementor-section-boxed elementor-section-height-default elementor-section-height-default\" data-id=\"6e8f63d\" data-element_type=\"section\" data-settings=\"{&quot;background_background&quot;:&quot;classic&quot;}\">\n\t\t\t\t\t\t<div class=\"elementor-container elementor-column-gap-default\">\n\t\t\t\t\t\t\t<div class=\"elementor-row\">\n\t\t\t\t\t<div class=\"elementor-column elementor-col-100 elementor-top-column elementor-element elementor-element-ef8a5dd\" data-id=\"ef8a5dd\" data-element_type=\"column\">\n\t\t\t<div class=\"elementor-column-wrap elementor-element-populated\">\n\t\t\t\t\t\t\t<div class=\"elementor-widget-wrap\">\n\t\t\t\t\t\t<div class=\"elementor-element elementor-element-431e438 elementor-widget elementor-widget-spacer\" data-id=\"431e438\" data-element_type=\"widget\" data-widget_type=\"spacer.default\">\n\t\t\t\t<div class=\"elementor-widget-container\">\n\t\t\t\t\t<div class=\"elementor-spacer\">\n\t\t\t<div class=\"elementor-spacer-inner\"><\/div>\n\t\t<\/div>\n\t\t\t\t<\/div>\n\t\t\t\t<\/div>\n\t\t\t\t<div class=\"elementor-element elementor-element-7b00afa elementor-view-default elementor-position-top elementor-widget elementor-widget-themo-header\" data-id=\"7b00afa\" data-element_type=\"widget\" data-widget_type=\"themo-header.default\">\n\t\t\t\t<div class=\"elementor-widget-container\">\n\t\t\t\t\t<div class=\"th-header-wrap\">\n        <div class=\"elementor-icon-box-wrapper\">\n                            <div class=\"elementor-icon-box-content\">\n                    <h2 class=\"elementor-icon-box-title\">\n                        Bio-Award 2020                    <\/h2>\n                                            <span class=\"th-header-divider\"><\/span>\n                                        <p class=\"elementor-icon-box-description\"><\/p>\n\n                                    <\/div>\n            <\/div>\n\n        <\/div>\n\n\t\t\t\t<\/div>\n\t\t\t\t<\/div>\n\t\t\t\t<div class=\"elementor-element elementor-element-c0d431f elementor-widget elementor-widget-spacer\" data-id=\"c0d431f\" data-element_type=\"widget\" data-widget_type=\"spacer.default\">\n\t\t\t\t<div class=\"elementor-widget-container\">\n\t\t\t\t\t<div class=\"elementor-spacer\">\n\t\t\t<div class=\"elementor-spacer-inner\"><\/div>\n\t\t<\/div>\n\t\t\t\t<\/div>\n\t\t\t\t<\/div>\n\t\t\t\t\t\t<\/div>\n\t\t\t\t\t<\/div>\n\t\t<\/div>\n\t\t\t\t\t\t\t\t<\/div>\n\t\t\t\t\t<\/div>\n\t\t<\/section>\n\t\t\t\t<section class=\"elementor-section elementor-top-section elementor-element elementor-element-f974dbf elementor-section-boxed elementor-section-height-default elementor-section-height-default\" data-id=\"f974dbf\" data-element_type=\"section\" data-settings=\"{&quot;background_background&quot;:&quot;classic&quot;}\">\n\t\t\t\t\t\t<div class=\"elementor-container elementor-column-gap-default\">\n\t\t\t\t\t\t\t<div class=\"elementor-row\">\n\t\t\t\t\t<div class=\"elementor-column elementor-col-100 elementor-top-column elementor-element elementor-element-aa29b0e\" data-id=\"aa29b0e\" data-element_type=\"column\">\n\t\t\t<div class=\"elementor-column-wrap elementor-element-populated\">\n\t\t\t\t\t\t\t<div class=\"elementor-widget-wrap\">\n\t\t\t\t\t\t<div class=\"elementor-element elementor-element-9a6fdd9 elementor-aspect-ratio-169 elementor-widget elementor-widget-video\" data-id=\"9a6fdd9\" data-element_type=\"widget\" data-settings=\"{&quot;youtube_url&quot;:&quot;https:\\\/\\\/www.youtube.com\\\/watch?v=SBZ1ikom9fw&amp;feature=emb_logo&quot;,&quot;autoplay&quot;:&quot;yes&quot;,&quot;video_type&quot;:&quot;youtube&quot;,&quot;aspect_ratio&quot;:&quot;169&quot;}\" data-widget_type=\"video.default\">\n\t\t\t\t<div class=\"elementor-widget-container\">\n\t\t\t\t\t<div class=\"elementor-wrapper elementor-fit-aspect-ratio elementor-open-inline\">\n\t\t\t<div class=\"elementor-video\"><\/div>\t\t<\/div>\n\t\t\t\t<\/div>\n\t\t\t\t<\/div>\n\t\t\t\t\t\t<\/div>\n\t\t\t\t\t<\/div>\n\t\t<\/div>\n\t\t\t\t\t\t\t\t<\/div>\n\t\t\t\t\t<\/div>\n\t\t<\/section>\n\t\t\t\t\t\t\t\t\t<\/div>\n\t\t\t<\/div>\n\t\t\t\t\t<\/div>","protected":false},"excerpt":{"rendered":"<p>\u00dcber uns Bio-Hof Lenzenbauer Seit 2015 f\u00fchren wir, Elfriede und Hannes Golser, in 4. Generation den Lenzenbauernhof. Unser Hof liegt in Hallwang, einer Umlandgemeinde der Festspielstadt Salzburg, und wird seit 1995 mit \u00dcberzeugung biologisch gef\u00fchrt. Gleichzeitig mit der \u00dcbernahme des &hellip; <a href=\"http:\/\/lenzenbauer.at\/en\/ueber-uns\/\">Read More<\/a><\/p>","protected":false},"author":1,"featured_media":0,"parent":0,"menu_order":13,"comment_status":"closed","ping_status":"closed","template":"","meta":[],"_links":{"self":[{"href":"http:\/\/lenzenbauer.at\/en\/wp-json\/wp\/v2\/pages\/411"}],"collection":[{"href":"http:\/\/lenzenbauer.at\/en\/wp-json\/wp\/v2\/pages"}],"about":[{"href":"http:\/\/lenzenbauer.at\/en\/wp-json\/wp\/v2\/types\/page"}],"author":[{"embeddable":true,"href":"http:\/\/lenzenbauer.at\/en\/wp-json\/wp\/v2\/users\/1"}],"replies":[{"embeddable":true,"href":"http:\/\/lenzenbauer.at\/en\/wp-json\/wp\/v2\/comments?post=411"}],"version-history":[{"count":12,"href":"http:\/\/lenzenbauer.at\/en\/wp-json\/wp\/v2\/pages\/411\/revisions"}],"predecessor-version":[{"id":655,"href":"http:\/\/lenzenbauer.at\/en\/wp-json\/wp\/v2\/pages\/411\/revisions\/655"}],"wp:attachment":[{"href":"http:\/\/lenzenbauer.at\/en\/wp-json\/wp\/v2\/media?parent=411"}],"curies":[{"name":"wp","href":"https:\/\/api.w.org\/{rel}","templated":true}]}}